{"id":99,"date":"2019-07-06T16:34:51","date_gmt":"2019-07-06T16:34:51","guid":{"rendered":"http:\/\/www.rotman.cz\/?page_id=99"},"modified":"2019-07-06T16:34:51","modified_gmt":"2019-07-06T16:34:51","slug":"mapa-webu","status":"publish","type":"page","link":"https:\/\/www.rotman.cz\/index.php\/mapa-webu\/","title":{"rendered":"Mapa webu"},"content":{"rendered":"<div class=\"wsp-container\"><h2 class=\"wsp-pages-title\">Str\u00e1nky<\/h2>\n<ul class=\"wsp-pages-list\">\n<li class=\"page_item page-item-86\"><a href=\"https:\/\/www.rotman.cz\/index.php\/bibliografie\/\">Bibliografie<\/a><\/li>\n<li class=\"page_item page-item-45\"><a href=\"https:\/\/www.rotman.cz\/index.php\/doporuceni\/\">Doporu\u010den\u00ed<\/a><\/li>\n<li class=\"page_item page-item-15\"><a href=\"https:\/\/www.rotman.cz\/index.php\/horska-nemoc\/\">Horsk\u00e1 nemoc<\/a><\/li>\n<li class=\"page_item page-item-44\"><a href=\"https:\/\/www.rotman.cz\/index.php\/knihovna\/\">Knihovna<\/a><\/li>\n<li class=\"page_item page-item-42\"><a href=\"https:\/\/www.rotman.cz\/index.php\/kongresy\/\">Kongresy<\/a><\/li>\n<li class=\"page_item page-item-78\"><a href=\"https:\/\/www.rotman.cz\/index.php\/kontakt\/\">Kontakt<\/a><\/li>\n<li class=\"page_item page-item-91\"><a href=\"https:\/\/www.rotman.cz\/index.php\/lk-chs\/\">LK \u010cHS<\/a><\/li>\n<li class=\"page_item page-item-99\"><a href=\"https:\/\/www.rotman.cz\/index.php\/mapa-webu\/\">Mapa webu<\/a><\/li>\n<li class=\"page_item page-item-19\"><a href=\"https:\/\/www.rotman.cz\/index.php\/nemoci\/\">Nemoci<\/a><\/li>\n<li class=\"page_item page-item-46\"><a href=\"https:\/\/www.rotman.cz\/index.php\/novinky\/\">Novinky<\/a><\/li>\n<li class=\"page_item page-item-17\"><a href=\"https:\/\/www.rotman.cz\/index.php\/omrzliny\/\">Omrzliny<\/a><\/li>\n<li class=\"page_item page-item-70\"><a href=\"https:\/\/www.rotman.cz\/index.php\/organizace\/\">Organizace<\/a><\/li>\n<li class=\"page_item page-item-92\"><a href=\"https:\/\/www.rotman.cz\/index.php\/pelikanuv-seminar\/\">Pelik\u00e1n\u016fv semin\u00e1\u0159<\/a><\/li>\n<li class=\"page_item page-item-16\"><a href=\"https:\/\/www.rotman.cz\/index.php\/podchlazene\/\">Podchlazen\u00ed<\/a><\/li>\n<li class=\"page_item page-item-32\"><a href=\"https:\/\/www.rotman.cz\/index.php\/podchlazeni\/\">Podchlazen\u00ed<\/a><\/li>\n<li class=\"page_item page-item-270\"><a href=\"https:\/\/www.rotman.cz\/index.php\/pripravujeme\/\">Publikace<\/a><\/li>\n<li class=\"page_item page-item-2\"><a href=\"https:\/\/www.rotman.cz\/index.php\/sample-page\/\">Sample Page<\/a><\/li>\n<li class=\"page_item page-item-43\"><a href=\"https:\/\/www.rotman.cz\/index.php\/uiaa-medcom\/\">UIAA MedCom<\/a><\/li>\n<li class=\"page_item page-item-18\"><a href=\"https:\/\/www.rotman.cz\/index.php\/urazy\/\">\u00darazy<\/a><\/li>\n<\/ul>\n<\/div>\n","protected":false},"excerpt":{"rendered":"","protected":false},"author":1,"featured_media":0,"parent":0,"menu_order":0,"comment_status":"closed","ping_status":"closed","template":"","meta":{"footnotes":""},"class_list":["post-99","page","type-page","status-publish","hentry","nodate","item-wrap"],"_links":{"self":[{"href":"https:\/\/www.rotman.cz\/index.php\/wp-json\/wp\/v2\/pages\/99","targetHints":{"allow":["GET"]}}],"collection":[{"href":"https:\/\/www.rotman.cz\/index.php\/wp-json\/wp\/v2\/pages"}],"about":[{"href":"https:\/\/www.rotman.cz\/index.php\/wp-json\/wp\/v2\/types\/page"}],"author":[{"embeddable":true,"href":"https:\/\/www.rotman.cz\/index.php\/wp-json\/wp\/v2\/users\/1"}],"replies":[{"embeddable":true,"href":"https:\/\/www.rotman.cz\/index.php\/wp-json\/wp\/v2\/comments?post=99"}],"version-history":[{"count":1,"href":"https:\/\/www.rotman.cz\/index.php\/wp-json\/wp\/v2\/pages\/99\/revisions"}],"predecessor-version":[{"id":100,"href":"https:\/\/www.rotman.cz\/index.php\/wp-json\/wp\/v2\/pages\/99\/revisions\/100"}],"wp:attachment":[{"href":"https:\/\/www.rotman.cz\/index.php\/wp-json\/wp\/v2\/media?parent=99"}],"curies":[{"name":"wp","href":"https:\/\/api.w.org\/{rel}","templated":true}]}}