{"id":78,"date":"2019-07-06T15:47:01","date_gmt":"2019-07-06T15:47:01","guid":{"rendered":"http:\/\/www.rotman.cz\/?page_id=78"},"modified":"2019-07-06T17:15:54","modified_gmt":"2019-07-06T17:15:54","slug":"kontakt","status":"publish","type":"page","link":"https:\/\/www.rotman.cz\/index.php\/kontakt\/","title":{"rendered":"Kontakt"},"content":{"rendered":"<p>MUDr. Ivan Rotman, nar. 1946. E-mail: <a href=\"i.rotman@volny.cz\">i.rotman@volny.cz<\/a><\/p>\n<p><img loading=\"lazy\" decoding=\"async\" class=\"alignleft wp-image-83 \" src=\"https:\/\/www.rotman.cz\/wp-content\/uploads\/2019\/07\/ir-18-5-2019-decin-cr.jpg\" alt=\"\" width=\"141\" height=\"147\" srcset=\"https:\/\/www.rotman.cz\/wp-content\/uploads\/2019\/07\/ir-18-5-2019-decin-cr.jpg 361w, https:\/\/www.rotman.cz\/wp-content\/uploads\/2019\/07\/ir-18-5-2019-decin-cr-288x300.jpg 288w\" sizes=\"auto, (max-width: 141px) 100vw, 141px\" \/><\/p>\n<p>praktick\u00fd l\u00e9ka\u0159 pro dosp\u011bl\u00e9 a sportovn\u00ed medic\u00ednu (-2012)<br \/>\n\u010dlen L\u00e9ka\u0159sk\u00e9 komise \u010cesk\u00e9ho horolezeck\u00e9ho svazu (prezident -2006)<br \/>\nSpole\u010dnost horsk\u00e9 medic\u00edny (prezident -2019)<br \/>\n\u010dlen UIAA Medical Commission<br \/>\nInternational Society for Mountain Medicine (past vice-president, 1988-1992)<br \/>\n\u010dlen \u00d6sterreichische Gesellschaft f\u00fcr Alpin- und H\u00f6henmedizin<br \/>\n\u010dlen Wilderness Medical Society<\/p>\n<p><img loading=\"lazy\" decoding=\"async\" class=\"alignnone wp-image-84\" src=\"https:\/\/www.rotman.cz\/wp-content\/uploads\/2019\/07\/logo_web.jpg\" alt=\"\" width=\"132\" height=\"132\" srcset=\"https:\/\/www.rotman.cz\/wp-content\/uploads\/2019\/07\/logo_web.jpg 200w, https:\/\/www.rotman.cz\/wp-content\/uploads\/2019\/07\/logo_web-150x150.jpg 150w\" sizes=\"auto, (max-width: 132px) 100vw, 132px\" \/>\u00a0\u00a0\u00a0\u00a0\u00a0<a href=\"http:\/\/www.horska-medicina.cz\"> www.horska-medicina.cz<\/a><\/p>\n","protected":false},"excerpt":{"rendered":"<p>MUDr. Ivan Rotman, nar. 1946. E-mail: i.rotman@volny.cz praktick\u00fd l\u00e9ka\u0159 pro dosp\u011bl\u00e9 a sportovn\u00ed medic\u00ednu (-2012) \u010dlen L\u00e9ka\u0159sk\u00e9 komise \u010cesk\u00e9ho horolezeck\u00e9ho svazu (prezident -2006) Spole\u010dnost horsk\u00e9 medic\u00edny (prezident -2019) \u010dlen UIAA Medical Commission International Society for Mountain Medicine (past vice-president, 1988-1992) \u010dlen \u00d6sterreichische Gesellschaft f\u00fcr Alpin- und H\u00f6henmedizin \u010dlen Wilderness Medical Society \u00a0\u00a0\u00a0\u00a0\u00a0 www.horska-medicina.cz<\/p>\n","protected":false},"author":1,"featured_media":0,"parent":0,"menu_order":0,"comment_status":"closed","ping_status":"closed","template":"","meta":{"footnotes":""},"class_list":["post-78","page","type-page","status-publish","hentry","nodate","item-wrap"],"_links":{"self":[{"href":"https:\/\/www.rotman.cz\/index.php\/wp-json\/wp\/v2\/pages\/78","targetHints":{"allow":["GET"]}}],"collection":[{"href":"https:\/\/www.rotman.cz\/index.php\/wp-json\/wp\/v2\/pages"}],"about":[{"href":"https:\/\/www.rotman.cz\/index.php\/wp-json\/wp\/v2\/types\/page"}],"author":[{"embeddable":true,"href":"https:\/\/www.rotman.cz\/index.php\/wp-json\/wp\/v2\/users\/1"}],"replies":[{"embeddable":true,"href":"https:\/\/www.rotman.cz\/index.php\/wp-json\/wp\/v2\/comments?post=78"}],"version-history":[{"count":3,"href":"https:\/\/www.rotman.cz\/index.php\/wp-json\/wp\/v2\/pages\/78\/revisions"}],"predecessor-version":[{"id":85,"href":"https:\/\/www.rotman.cz\/index.php\/wp-json\/wp\/v2\/pages\/78\/revisions\/85"}],"wp:attachment":[{"href":"https:\/\/www.rotman.cz\/index.php\/wp-json\/wp\/v2\/media?parent=78"}],"curies":[{"name":"wp","href":"https:\/\/api.w.org\/{rel}","templated":true}]}}