{"id":70,"date":"2019-07-06T15:26:42","date_gmt":"2019-07-06T15:26:42","guid":{"rendered":"http:\/\/www.rotman.cz\/?page_id=70"},"modified":"2019-07-06T15:38:45","modified_gmt":"2019-07-06T15:38:45","slug":"organizace","status":"publish","type":"page","link":"https:\/\/www.rotman.cz\/index.php\/organizace\/","title":{"rendered":"Organizace"},"content":{"rendered":"<p><a href=\"http:\/\/www.horska-medicina.cz\">Spole\u010dnost horsk\u00e9 medic\u00edny, z.s.<\/a><\/p>\n<p><a href=\"https:\/\/ismm.org\/\">International Society for Mountain Medicine<\/a><\/p>\n<p><a href=\"https:\/\/alpinmedizin.org\/at\/themen\/index.php\">\u00d6sterreichische Gesellschaft f\u00fcr Alpin- und H\u00f6henmedizin<\/a><\/p>\n<p><a href=\"https:\/\/www.bexmed.de\/\">Deutsche Gesellschaft f\u00fcr Berg- und Expeditionsmedizin<\/a><\/p>\n<p><a href=\"https:\/\/www.wms.org\/\">Wilderness Medical Society<\/a><\/p>\n<p><a href=\"https:\/\/www.theuiaa.org\/mountain-medicine\/\">UIAA Medical Commission<\/a><\/p>\n<p><a href=\"http:\/\/www.alpine-rescue.org\/xCMS5\/WebObjects\/nexus5.woa\/wa\/icar?menuid=1078\">ICAR-MED Alpine Emergency Medicine Commission<\/a><\/p>\n","protected":false},"excerpt":{"rendered":"<p>Spole\u010dnost horsk\u00e9 medic\u00edny, z.s. International Society for Mountain Medicine \u00d6sterreichische Gesellschaft f\u00fcr Alpin- und H\u00f6henmedizin Deutsche Gesellschaft f\u00fcr Berg- und Expeditionsmedizin Wilderness Medical Society UIAA Medical Commission ICAR-MED Alpine Emergency Medicine Commission<\/p>\n","protected":false},"author":1,"featured_media":0,"parent":0,"menu_order":0,"comment_status":"closed","ping_status":"closed","template":"","meta":{"footnotes":""},"class_list":["post-70","page","type-page","status-publish","hentry","nodate","item-wrap"],"_links":{"self":[{"href":"https:\/\/www.rotman.cz\/index.php\/wp-json\/wp\/v2\/pages\/70","targetHints":{"allow":["GET"]}}],"collection":[{"href":"https:\/\/www.rotman.cz\/index.php\/wp-json\/wp\/v2\/pages"}],"about":[{"href":"https:\/\/www.rotman.cz\/index.php\/wp-json\/wp\/v2\/types\/page"}],"author":[{"embeddable":true,"href":"https:\/\/www.rotman.cz\/index.php\/wp-json\/wp\/v2\/users\/1"}],"replies":[{"embeddable":true,"href":"https:\/\/www.rotman.cz\/index.php\/wp-json\/wp\/v2\/comments?post=70"}],"version-history":[{"count":3,"href":"https:\/\/www.rotman.cz\/index.php\/wp-json\/wp\/v2\/pages\/70\/revisions"}],"predecessor-version":[{"id":75,"href":"https:\/\/www.rotman.cz\/index.php\/wp-json\/wp\/v2\/pages\/70\/revisions\/75"}],"wp:attachment":[{"href":"https:\/\/www.rotman.cz\/index.php\/wp-json\/wp\/v2\/media?parent=70"}],"curies":[{"name":"wp","href":"https:\/\/api.w.org\/{rel}","templated":true}]}}